{"id":179,"date":"2025-02-17T23:24:04","date_gmt":"2025-02-17T23:24:04","guid":{"rendered":"https:\/\/explicandofinancas.com\/?page_id=179"},"modified":"2025-04-01T21:52:26","modified_gmt":"2025-04-01T21:52:26","slug":"transparencia-da-pagina","status":"publish","type":"page","link":"https:\/\/explicandofinancas.com\/pt\/transparencia-da-pagina\/","title":{"rendered":"Transpar\u00eancia da p\u00e1gina"},"content":{"rendered":"<p>Bem-vindo \u00e0 p\u00e1gina de transpar\u00eancia do ExplicandoFinancas.com. Acreditamos na import\u00e2ncia da transpar\u00eancia e queremos compartilhar informa\u00e7\u00f5es relevantes sobre como operamos e como lidamos com quest\u00f5es relacionadas ao nosso site.<\/p>\n\n\n\n<h2 class=\"wp-block-heading\">1. Pol\u00edtica editorial<\/h2>\n\n\n\n<p>Nosso compromisso editorial \u00e9 com a precis\u00e3o, a imparcialidade e a relev\u00e2ncia. Nosso conte\u00fado \u00e9 baseado em pesquisas, an\u00e1lises e na experi\u00eancia de nossos autores. N\u00e3o aceitamos pagamento para modificar ou influenciar o conte\u00fado de nossas postagens. Se incluirmos links de afiliados em nossos artigos, sempre os identificaremos claramente.<\/p>\n\n\n\n<h2 class=\"wp-block-heading\">2. Receita e publicidade<\/h2>\n\n\n\n<p>Estamos buscando ser aceitos em <strong>Google AdSense<\/strong> para veicular publicidade em nosso site. <strong>Google AdSense<\/strong> \u00e9 uma plataforma confi\u00e1vel e respeitada que opera em conformidade com todas as leis e regulamentos aplic\u00e1veis. Os an\u00fancios que exibimos podem ser identificados como tal. Recebemos compensa\u00e7\u00e3o financeira quando os visitantes clicam nesses an\u00fancios ou realizam uma a\u00e7\u00e3o espec\u00edfica ap\u00f3s clicar neles. No entanto, isso n\u00e3o afeta nosso processo editorial ou a independ\u00eancia de nossas opini\u00f5es. Temos o compromisso de garantir que os an\u00fancios que exibimos sejam relevantes e de alta qualidade para nossos usu\u00e1rios.<\/p>\n\n\n\n<h2 class=\"wp-block-heading\">3. Privacidade do usu\u00e1rio<\/h2>\n\n\n\n<p>Respeitamos os direitos dos nossos usu\u00e1rios <a href=\"https:\/\/explicandofinancas.com\/pt\/politica-de-privacidade\/\" data-type=\"page\" data-id=\"3\">Pol\u00edtica de privacidade<\/a> e cumprem rigorosamente todas as leis de privacidade aplic\u00e1veis. As informa\u00e7\u00f5es coletadas dos usu\u00e1rios s\u00e3o usadas somente para melhorar a experi\u00eancia do usu\u00e1rio e nunca s\u00e3o vendidas ou compartilhadas com terceiros sem consentimento expl\u00edcito.<\/p>\n\n\n\n<h2 class=\"wp-block-heading\">4. Responsabilidade legal<\/h2>\n\n\n\n<p>N\u00f3s nos esfor\u00e7amos para garantir que todo o conte\u00fado publicado esteja em conformidade com as leis aplic\u00e1veis. Se identificar qualquer conte\u00fado que viole direitos autorais, leis de privacidade ou qualquer outra lei aplic\u00e1vel, entre em contato conosco imediatamente para que possamos tomar as medidas adequadas.<\/p>\n\n\n\n<h2 class=\"wp-block-heading\">5. Contato<\/h2>\n\n\n\n<p>Se tiver alguma d\u00favida, preocupa\u00e7\u00e3o ou sugest\u00e3o em rela\u00e7\u00e3o \u00e0 transpar\u00eancia ou a qualquer outro aspecto do nosso site, entre em contato conosco por meio do nosso formul\u00e1rio de contato ou enviando um e-mail para <a href=\"mailto:contato@robloxhints.com\">contact@explicandofinancas.com<\/a>.<\/p>\n\n\n\n<p>Obrigado por visitar o Roblox Hints e por valorizar a transpar\u00eancia em nosso trabalho.<\/p>\n\n\n\n<p><\/p>","protected":false},"excerpt":{"rendered":"<p>Bem-vindo \u00e0 p\u00e1gina de transpar\u00eancia do ExplicandoFinancas.com. Acreditamos na import\u00e2ncia da transpar\u00eancia e queremos compartilhar informa\u00e7\u00f5es relevantes sobre como operamos e como lidamos com quest\u00f5es relacionadas ao nosso site. 1. Pol\u00edtica editorial Nosso compromisso editorial \u00e9 com a precis\u00e3o, a imparcialidade e a relev\u00e2ncia. Nosso conte\u00fado \u00e9 baseado em pesquisas, an\u00e1lises e na experi\u00eancia de nossos [...]<\/p>","protected":false},"author":2,"featured_media":0,"parent":0,"menu_order":0,"comment_status":"closed","ping_status":"closed","template":"","meta":{"footnotes":""},"class_list":["post-179","page","type-page","status-publish","hentry"],"blocksy_meta":[],"_links":{"self":[{"href":"https:\/\/explicandofinancas.com\/pt\/wp-json\/wp\/v2\/pages\/179","targetHints":{"allow":["GET"]}}],"collection":[{"href":"https:\/\/explicandofinancas.com\/pt\/wp-json\/wp\/v2\/pages"}],"about":[{"href":"https:\/\/explicandofinancas.com\/pt\/wp-json\/wp\/v2\/types\/page"}],"author":[{"embeddable":true,"href":"https:\/\/explicandofinancas.com\/pt\/wp-json\/wp\/v2\/users\/2"}],"replies":[{"embeddable":true,"href":"https:\/\/explicandofinancas.com\/pt\/wp-json\/wp\/v2\/comments?post=179"}],"version-history":[{"count":2,"href":"https:\/\/explicandofinancas.com\/pt\/wp-json\/wp\/v2\/pages\/179\/revisions"}],"predecessor-version":[{"id":391,"href":"https:\/\/explicandofinancas.com\/pt\/wp-json\/wp\/v2\/pages\/179\/revisions\/391"}],"wp:attachment":[{"href":"https:\/\/explicandofinancas.com\/pt\/wp-json\/wp\/v2\/media?parent=179"}],"curies":[{"name":"wp","href":"https:\/\/api.w.org\/{rel}","templated":true}]}}