{"id":181,"date":"2025-03-31T00:10:16","date_gmt":"2025-03-31T00:10:16","guid":{"rendered":"https:\/\/explicandofinancas.com\/?page_id=181"},"modified":"2025-04-01T21:30:31","modified_gmt":"2025-04-01T21:30:31","slug":"contato","status":"publish","type":"page","link":"https:\/\/explicandofinancas.com\/pt\/contato\/","title":{"rendered":"Contato"},"content":{"rendered":"<p>Agradecemos seu interesse em <strong>Explicando Finan\u00e7as<\/strong>! Se tiver alguma d\u00favida, sugest\u00e3o ou consulta comercial, sinta-se \u00e0 vontade para entrar em contato conosco.<\/p>\n\n\n\n<h3 class=\"wp-block-heading\">Como entrar em contato conosco<\/h3>\n\n\n\n<p>\ud83d\udce7 <strong>E-mail:<\/strong> <a>contact@explicandofinancas.com<\/a><br>\ud83c\udf10 <strong>Site:<\/strong> <a class=\"\" href=\"https:\/\/explicandofinancas.com\/pt\/\">www.explicandofinancas.com<\/a><\/p>\n\n\n\n<h3 class=\"wp-block-heading\">Tempo de resposta<\/h3>\n\n\n\n<p>N\u00f3s nos esfor\u00e7amos para responder o mais r\u00e1pido poss\u00edvel. Nossa equipe est\u00e1 dispon\u00edvel em dias \u00fateis:<\/p>\n\n\n\n<p>\ud83d\udd52 <strong>De segunda a sexta-feira<\/strong> - 8:00 AM a 6:00 PM (UTC)<br>\ud83d\udcc5 <strong>Fechado nos finais de semana e feriados<\/strong><\/p>\n\n\n\n<p>Aguardamos seu contato!<\/p>","protected":false},"excerpt":{"rendered":"<p>Agradecemos seu interesse no Explicando Finan\u00e7as! Se tiver alguma d\u00favida, sugest\u00e3o ou consulta comercial, sinta-se \u00e0 vontade para entrar em contato conosco. Como entrar em contato conosco \ud83d\udce7 E-mail: contact@explicandofinancas.com\ud83c\udf10 Site: www.explicandofinancas.com Tempo de resposta N\u00f3s nos esfor\u00e7amos para responder o mais r\u00e1pido poss\u00edvel. Nossa equipe est\u00e1 dispon\u00edvel em dias \u00fateis: \ud83d\udd52 Segunda a sexta-feira - 8:00 [...]<\/p>","protected":false},"author":2,"featured_media":0,"parent":0,"menu_order":0,"comment_status":"closed","ping_status":"closed","template":"","meta":{"footnotes":""},"class_list":["post-181","page","type-page","status-publish","hentry"],"blocksy_meta":[],"_links":{"self":[{"href":"https:\/\/explicandofinancas.com\/pt\/wp-json\/wp\/v2\/pages\/181","targetHints":{"allow":["GET"]}}],"collection":[{"href":"https:\/\/explicandofinancas.com\/pt\/wp-json\/wp\/v2\/pages"}],"about":[{"href":"https:\/\/explicandofinancas.com\/pt\/wp-json\/wp\/v2\/types\/page"}],"author":[{"embeddable":true,"href":"https:\/\/explicandofinancas.com\/pt\/wp-json\/wp\/v2\/users\/2"}],"replies":[{"embeddable":true,"href":"https:\/\/explicandofinancas.com\/pt\/wp-json\/wp\/v2\/comments?post=181"}],"version-history":[{"count":5,"href":"https:\/\/explicandofinancas.com\/pt\/wp-json\/wp\/v2\/pages\/181\/revisions"}],"predecessor-version":[{"id":387,"href":"https:\/\/explicandofinancas.com\/pt\/wp-json\/wp\/v2\/pages\/181\/revisions\/387"}],"wp:attachment":[{"href":"https:\/\/explicandofinancas.com\/pt\/wp-json\/wp\/v2\/media?parent=181"}],"curies":[{"name":"wp","href":"https:\/\/api.w.org\/{rel}","templated":true}]}}