{"id":3,"date":"2025-02-14T13:43:42","date_gmt":"2025-02-14T13:43:42","guid":{"rendered":"http:\/\/explicandofinancas.com\/?page_id=3"},"modified":"2025-04-04T01:53:24","modified_gmt":"2025-04-04T01:53:24","slug":"politica-de-privacidade","status":"publish","type":"page","link":"https:\/\/explicandofinancas.com\/pt\/politica-de-privacidade\/","title":{"rendered":"Pol\u00edtica de privacidade"},"content":{"rendered":"<p>O <strong>Explicandofinancas.com<\/strong> O site \u00e9 de propriedade da Explicando Finan\u00e7as, que \u00e9 respons\u00e1vel pelo controle de dados de suas informa\u00e7\u00f5es pessoais.<\/p>\n\n\n\n<p>Adotamos esta Pol\u00edtica de Privacidade, que estabelece como estamos processando as informa\u00e7\u00f5es coletadas pelo Explicandofinancas.com e tamb\u00e9m fornece as raz\u00f5es pelas quais coletamos determinados dados pessoais sobre voc\u00ea. Portanto, voc\u00ea deve ler esta Pol\u00edtica de Privacidade antes de usar o site Explicandofinancas.com.<\/p>\n\n\n\n<p>Cuidamos de seus dados pessoais e temos o compromisso de garantir sua confidencialidade e seguran\u00e7a.<\/p>\n\n\n\n<h2 class=\"wp-block-heading\">Informa\u00e7\u00f5es que coletamos<\/h2>\n\n\n\n<p>Quando voc\u00ea visita o site Explicandofinancas.com, coletamos automaticamente determinadas informa\u00e7\u00f5es sobre seu dispositivo, inclusive informa\u00e7\u00f5es sobre seu navegador da Web, endere\u00e7o IP, fuso hor\u00e1rio e alguns dos cookies instalados em seu dispositivo. Al\u00e9m disso, \u00e0 medida que voc\u00ea navega pelo Site, coletamos informa\u00e7\u00f5es sobre as p\u00e1ginas da Web ou produtos individuais que voc\u00ea visualiza, quais sites ou termos de pesquisa o encaminharam ao Site e como voc\u00ea interage com o Site. N\u00f3s nos referimos a essas informa\u00e7\u00f5es coletadas automaticamente como \"Informa\u00e7\u00f5es do dispositivo\". Al\u00e9m disso, podemos coletar os dados pessoais que voc\u00ea nos fornece (incluindo, entre outros, Nome, Sobrenome, Endere\u00e7o, informa\u00e7\u00f5es de pagamento, etc.) durante o registro para cumprir o contrato.<\/p>\n\n\n\n<h2 class=\"wp-block-heading\">Por que processamos seus dados?<\/h2>\n\n\n\n<p>Nossa prioridade m\u00e1xima \u00e9 a seguran\u00e7a dos dados dos clientes e, como tal, podemos processar apenas o m\u00ednimo de dados do usu\u00e1rio, somente o que for necess\u00e1rio para manter o Site. As informa\u00e7\u00f5es coletadas automaticamente s\u00e3o usadas somente para identificar poss\u00edveis casos de abuso e para estabelecer informa\u00e7\u00f5es estat\u00edsticas sobre o uso do Site. Essas informa\u00e7\u00f5es estat\u00edsticas n\u00e3o s\u00e3o agregadas de forma a identificar qualquer usu\u00e1rio espec\u00edfico do sistema.<\/p>\n\n\n\n<p>Voc\u00ea pode visitar o Site sem nos dizer quem voc\u00ea \u00e9 ou revelar qualquer informa\u00e7\u00e3o pela qual possa ser identificado como um indiv\u00edduo espec\u00edfico e identific\u00e1vel. Entretanto, se desejar usar alguns dos recursos do Site, ou se desejar receber nosso boletim informativo ou fornecer outros detalhes preenchendo um formul\u00e1rio, voc\u00ea poder\u00e1 nos fornecer dados pessoais, como seu endere\u00e7o de e-mail, nome, sobrenome, cidade de resid\u00eancia, organiza\u00e7\u00e3o e n\u00famero de telefone. Voc\u00ea pode optar por n\u00e3o nos fornecer seus dados pessoais, mas talvez n\u00e3o consiga aproveitar alguns dos recursos do Site. Por exemplo, talvez n\u00e3o seja poss\u00edvel receber nosso boletim informativo ou entrar em contato conosco diretamente pelo Site. Os usu\u00e1rios que n\u00e3o tiverem certeza sobre quais informa\u00e7\u00f5es s\u00e3o obrigat\u00f3rias podem entrar em contato conosco pelo e-mail contact@Explicandofinancas.com.<\/p>\n\n\n\n<h2 class=\"wp-block-heading\">Seus direitos:<\/h2>\n\n\n\n<p>Se voc\u00ea \u00e9 residente na Europa, tem os seguintes direitos relacionados aos seus dados pessoais:<\/p>\n\n\n\n<div class=\"wp-block-stackable-icon-list stk-block-icon-list stk-block stk-3bad3a4\" data-block-id=\"3bad3a4\"><svg style=\"display:none\"><defs><g id=\"stk-icon-list__icon-svg-def-3bad3a4\"><svg xmlns=\"http:\/\/www.w3.org\/2000\/svg\" viewbox=\"0 0 190 190\"><polygon points=\"173.8,28.4 60.4,141.8 15.7,97.2 5.1,107.8 60.4,163 184.4,39 173.8,28.4\"\/><\/svg><\/g><\/defs><\/svg><ul class=\"stk-block-icon-list__ul stk-block-icon-list--column\">\n<li class=\"wp-block-stackable-icon-list-item stk-block-icon-list-item stk-block stk-1e2300d\" data-block-id=\"1e2300d\"><div class=\"stk-block-icon-list-item__content\"><span class=\"stk--svg-wrapper\"><div class=\"stk--inner-svg\"><svg aria-hidden=\"true\" width=\"32\" height=\"32\"><use xlink:href=\"#stk-icon-list__icon-svg-def-3bad3a4\"><\/use><\/svg><\/div><\/span><span class=\"stk-block-icon-list-item__text\">O direito \u00e0 informa\u00e7\u00e3o.<\/span><\/div><\/li>\n<li class=\"wp-block-stackable-icon-list-item stk-block-icon-list-item stk-block stk-6b329bf\" data-block-id=\"6b329bf\"><div class=\"stk-block-icon-list-item__content\"><span class=\"stk--svg-wrapper\"><div class=\"stk--inner-svg\"><svg aria-hidden=\"true\" width=\"32\" height=\"32\"><use xlink:href=\"#stk-icon-list__icon-svg-def-3bad3a4\"><\/use><\/svg><\/div><\/span><span class=\"stk-block-icon-list-item__text\">O direito de acesso.<\/span><\/div><\/li>\n<li class=\"wp-block-stackable-icon-list-item stk-block-icon-list-item stk-block stk-2a205cc\" data-block-id=\"2a205cc\"><div class=\"stk-block-icon-list-item__content\"><span class=\"stk--svg-wrapper\"><div class=\"stk--inner-svg\"><svg aria-hidden=\"true\" width=\"32\" height=\"32\"><use xlink:href=\"#stk-icon-list__icon-svg-def-3bad3a4\"><\/use><\/svg><\/div><\/span><span class=\"stk-block-icon-list-item__text\">O direito de retifica\u00e7\u00e3o.<\/span><\/div><\/li>\n<li class=\"wp-block-stackable-icon-list-item stk-block-icon-list-item stk-block stk-29eaab9\" data-block-id=\"29eaab9\"><div class=\"stk-block-icon-list-item__content\"><span class=\"stk--svg-wrapper\"><div class=\"stk--inner-svg\"><svg aria-hidden=\"true\" width=\"32\" height=\"32\"><use xlink:href=\"#stk-icon-list__icon-svg-def-3bad3a4\"><\/use><\/svg><\/div><\/span><span class=\"stk-block-icon-list-item__text\">O direito de apagar.<\/span><\/div><\/li>\n<li class=\"wp-block-stackable-icon-list-item stk-block-icon-list-item stk-block stk-3694ac1\" data-block-id=\"3694ac1\"><div class=\"stk-block-icon-list-item__content\"><span class=\"stk--svg-wrapper\"><div class=\"stk--inner-svg\"><svg aria-hidden=\"true\" width=\"32\" height=\"32\"><use xlink:href=\"#stk-icon-list__icon-svg-def-3bad3a4\"><\/use><\/svg><\/div><\/span><span class=\"stk-block-icon-list-item__text\">O direito de restringir o processamento.<\/span><\/div><\/li>\n<li class=\"wp-block-stackable-icon-list-item stk-block-icon-list-item stk-block stk-f6dff51\" data-block-id=\"f6dff51\"><div class=\"stk-block-icon-list-item__content\"><span class=\"stk--svg-wrapper\"><div class=\"stk--inner-svg\"><svg aria-hidden=\"true\" width=\"32\" height=\"32\"><use xlink:href=\"#stk-icon-list__icon-svg-def-3bad3a4\"><\/use><\/svg><\/div><\/span><span class=\"stk-block-icon-list-item__text\">O direito \u00e0 portabilidade de dados.<\/span><\/div><\/li>\n<li class=\"wp-block-stackable-icon-list-item stk-block-icon-list-item stk-block stk-2588beb\" data-block-id=\"2588beb\"><div class=\"stk-block-icon-list-item__content\"><span class=\"stk--svg-wrapper\"><div class=\"stk--inner-svg\"><svg aria-hidden=\"true\" width=\"32\" height=\"32\"><use xlink:href=\"#stk-icon-list__icon-svg-def-3bad3a4\"><\/use><\/svg><\/div><\/span><span class=\"stk-block-icon-list-item__text\">O direito de contestar.<\/span><\/div><\/li>\n<li class=\"wp-block-stackable-icon-list-item stk-block-icon-list-item stk-block stk-75e0966\" data-block-id=\"75e0966\"><div class=\"stk-block-icon-list-item__content\"><span class=\"stk--svg-wrapper\"><div class=\"stk--inner-svg\"><svg aria-hidden=\"true\" width=\"32\" height=\"32\"><use xlink:href=\"#stk-icon-list__icon-svg-def-3bad3a4\"><\/use><\/svg><\/div><\/span><span class=\"stk-block-icon-list-item__text\">Direitos em rela\u00e7\u00e3o \u00e0 tomada de decis\u00f5es automatizada e \u00e0 cria\u00e7\u00e3o de perfis.<\/span><\/div><\/li>\n<\/ul><\/div>\n\n\n\n<p>Se quiser exercer esse direito, entre em contato conosco usando as informa\u00e7\u00f5es de contato abaixo.<\/p>\n\n\n\n<p>Al\u00e9m disso, se voc\u00ea for residente na Europa, observamos que estamos processando suas informa\u00e7\u00f5es para cumprir contratos que possamos ter com voc\u00ea (por exemplo, se voc\u00ea fizer um pedido por meio do Site) ou para buscar nossos interesses comerciais leg\u00edtimos listados acima. Al\u00e9m disso, observe que suas informa\u00e7\u00f5es podem ser transferidas para fora da Europa, inclusive para o Canad\u00e1 e os Estados Unidos.<\/p>\n\n\n\n<h2 class=\"wp-block-heading\">Links para outros sites:<\/h2>\n\n\n\n<p>Nosso site pode conter links para outros sites que n\u00e3o s\u00e3o de nossa propriedade ou controlados por n\u00f3s. Esteja ciente de que n\u00e3o somos respons\u00e1veis por esses outros sites ou pelas pr\u00e1ticas de privacidade de terceiros. Recomendamos que voc\u00ea fique atento ao sair do nosso site e leia as declara\u00e7\u00f5es de privacidade de todos os sites que possam coletar informa\u00e7\u00f5es pessoais.<\/p>\n\n\n\n<h2 class=\"wp-block-heading\">Seguran\u00e7a da informa\u00e7\u00e3o:<\/h2>\n\n\n\n<p>Protegemos as informa\u00e7\u00f5es que voc\u00ea fornece em servidores de computador em um ambiente controlado e seguro, protegido contra acesso, uso ou divulga\u00e7\u00e3o n\u00e3o autorizados. Mantemos salvaguardas administrativas, t\u00e9cnicas e f\u00edsicas razo\u00e1veis para proteger contra acesso, uso, modifica\u00e7\u00e3o e divulga\u00e7\u00e3o n\u00e3o autorizados de dados pessoais sob nosso controle e cust\u00f3dia. Entretanto, nenhuma transmiss\u00e3o de dados pela Internet ou rede sem fio pode ser garantida.<\/p>\n\n\n\n<h2 class=\"wp-block-heading\">Divulga\u00e7\u00e3o legal:<\/h2>\n\n\n\n<p>Divulgaremos todas as informa\u00e7\u00f5es que coletarmos, usarmos ou recebermos, se exigido ou permitido por lei, como, por exemplo, para cumprir uma intima\u00e7\u00e3o ou processo legal semelhante e quando acreditarmos, de boa-f\u00e9, que a divulga\u00e7\u00e3o \u00e9 necess\u00e1ria para proteger nossos direitos, proteger sua seguran\u00e7a ou a seguran\u00e7a de terceiros, investigar fraudes ou atender a uma solicita\u00e7\u00e3o do governo.<\/p>\n\n\n\n<h2 class=\"wp-block-heading\">Informa\u00e7\u00f5es de contato<\/h2>\n\n\n\n<p>Se desejar entrar em contato conosco para entender mais sobre esta Pol\u00edtica ou desejar entrar em contato conosco sobre qualquer assunto relacionado a direitos individuais e suas Informa\u00e7\u00f5es Pessoais, envie um e-mail para <strong><a href=\"mailto:contato@robloxhints.com\">contact@explicandofinancas.com<\/a><\/strong>.<\/p>","protected":false},"excerpt":{"rendered":"<p>O site Explicandofinancas.com \u00e9 de propriedade da Explicando Finan\u00e7as, que \u00e9 respons\u00e1vel pelo controle de dados de suas informa\u00e7\u00f5es pessoais. Adotamos esta Pol\u00edtica de Privacidade, que estabelece como estamos processando as informa\u00e7\u00f5es coletadas pelo Explicandofinancas.com, e tamb\u00e9m fornece as raz\u00f5es pelas quais devemos coletar determinados dados pessoais sobre voc\u00ea. Portanto, voc\u00ea deve ler esta [...]<\/p>","protected":false},"author":2,"featured_media":0,"parent":0,"menu_order":0,"comment_status":"closed","ping_status":"closed","template":"","meta":{"footnotes":""},"class_list":["post-3","page","type-page","status-publish","hentry"],"blocksy_meta":[],"_links":{"self":[{"href":"https:\/\/explicandofinancas.com\/pt\/wp-json\/wp\/v2\/pages\/3","targetHints":{"allow":["GET"]}}],"collection":[{"href":"https:\/\/explicandofinancas.com\/pt\/wp-json\/wp\/v2\/pages"}],"about":[{"href":"https:\/\/explicandofinancas.com\/pt\/wp-json\/wp\/v2\/types\/page"}],"author":[{"embeddable":true,"href":"https:\/\/explicandofinancas.com\/pt\/wp-json\/wp\/v2\/users\/2"}],"replies":[{"embeddable":true,"href":"https:\/\/explicandofinancas.com\/pt\/wp-json\/wp\/v2\/comments?post=3"}],"version-history":[{"count":2,"href":"https:\/\/explicandofinancas.com\/pt\/wp-json\/wp\/v2\/pages\/3\/revisions"}],"predecessor-version":[{"id":178,"href":"https:\/\/explicandofinancas.com\/pt\/wp-json\/wp\/v2\/pages\/3\/revisions\/178"}],"wp:attachment":[{"href":"https:\/\/explicandofinancas.com\/pt\/wp-json\/wp\/v2\/media?parent=3"}],"curies":[{"name":"wp","href":"https:\/\/api.w.org\/{rel}","templated":true}]}}